{"id":2,"date":"2012-01-01T11:58:58","date_gmt":"2012-01-01T11:58:58","guid":{"rendered":"http:\/\/www.villingur.com\/?page_id=2"},"modified":"2018-01-24T09:40:08","modified_gmt":"2018-01-24T08:40:08","slug":"sample-page","status":"publish","type":"page","link":"http:\/\/www.villingur.com\/?page_id=2","title":{"rendered":"Om Villingur"},"content":{"rendered":"<p>Villingur er et lokallag i<a href=\"http:\/\/www.islandshest.no\/\">\u00a0Norsk Islandshestforening<\/a><a href=\"http:\/\/www.islandshest.no\/\">\u00a0\u00a0<\/a>Geografisk dekker det Ryfylke i Rogaland med hovedaktiviteten i\u00a0<a href=\"http:\/\/www.forsand.kommune.no\/artikkel.aspx?AId=1&amp;MId1=7\">Forsand kommune<\/a>.\u00a0Kommunen har flott natur med Lysefjorden som midtpunkt og fjell rundt om p\u00e5 alle kanter. Mange ryttere i kommunen er lokalkjent i fjellheimen.\u00a0 De siste \u00e5rene har det blitt satsa mye p\u00e5 kurs med topp anerkjente instrukt\u00f8rer.<\/p>\n<p><img loading=\"lazy\" decoding=\"async\" class=\"size-full wp-image-348 alignright\" title=\"logo\" src=\"http:\/\/www.villingur.com\/wp-content\/uploads\/2012\/01\/logo.jpg\" alt=\"\" width=\"178\" height=\"260\" \/>Vi satsar og p\u00e5 et godt sosialt milj\u00f8 som favner om alle v\u00e5re medlemmer. Vi har en egen turgruppe som planlegger dags og helgeturer. Dette skaper milj\u00f8.\u00a0 Villingurs medlemmer har gjort det sv\u00e6rt godt i konkuransesamanheng, b\u00e5de i Norge og internasjonalt. Villingur har ca 90 medlemmar. Noen av medlemmene har flytta inn til Forsand for \u00e5 bo her p\u00e5 grunn av hestemilj\u00f8et. Det er kjekt.<\/p>\n<p>Klubben er oppkalt etter hesten Villingur.<\/p>\n<p>Villingur ble avlet og f\u00f8dt p\u00e5 Forsand i 1989. Faren er Kulur fra Eyrarbakki, og moren Skj\u00f3na fra Aase. Kulur ble andrepremiert p\u00e5 Island, og har flere andre og tredjepremierte avkom. Moren Skj\u00f3na har noen f\u00e5 avkom, deriblant Pila fra Haukali som igjen er moren til flere flotte avkom, blant annet tidligere landslagshest Sp\u00e6nir fra Haukali.<\/p>\n<p>Bjarne Fossan var rytteren som temte og trente Villingur. Sammen hadde de mye moro p\u00e5 banen. Villingur ble b\u00e5de Norgesmester og Nordisk mester i T2 i 1996. I 1997 ble ikke Villingur og Bjarne tatt med p\u00e5 laget til tross for gode uttakingsprestasjoner.<\/p>\n<figure id=\"attachment_1647\" aria-describedby=\"caption-attachment-1647\" style=\"width: 300px\" class=\"wp-caption alignleft\"><a href=\"http:\/\/www.villingur.com\/wp-content\/uploads\/villingur21.jpg\"><img loading=\"lazy\" decoding=\"async\" class=\"size-medium wp-image-1647\" title=\"villingur2\" src=\"http:\/\/www.villingur.com\/wp-content\/uploads\/villingur21-300x259.jpg\" alt=\"\" width=\"300\" height=\"259\" \/><\/a><figcaption id=\"caption-attachment-1647\" class=\"wp-caption-text\">Bjarne Fossan med Villingur. foto: Torstein Fossan<\/figcaption><\/figure>\n<p>De var pr\u00f8veryttere p\u00e5 VM i Seljord, og dommernes poenggivning viste at hvis denne ekvipasjen hadde g\u00e5tt konkurranse, hadde de hatt 2 plass etter uttakningen.<\/p>\n<p>I 1998 var de p\u00e5 Nordisk i Danmark og fikk s\u00f8lv i T2.<\/p>\n<p>Bjarne sier at Villingur var i de tider en f\u00f8lsom og fantastisk kjekk hest \u00e5 ri. En s\u00e5nn hest man virkelig fikk et b\u00e5nd til. Villingur str\u00e5lte p\u00e5 konkurransebanen.<\/p>\n<p>P\u00e5 grunn av at Villingur var den f\u00f8rste islandshesten fra Forsand som ble kjent av gode konkurranseprestasjoner, valgte tidligere Forsand Fjellhestforening \u00e5 kalle seg Villingur Islandshestforening n\u00e5r de stiftet foreningen i 2001. Forsand Fjellhestforening ble stiftet i 1977.<\/p>\n<p>Villingur levde sin pensjonisttilv\u00e6relse p\u00e5 Tryggvi Islandshestg\u00e5rd i Sandnes. Han var yndlingshesten til mange, men det var bare de yngste rytterne som fikk ri han. Han led av spatt, og etter mild jevn bruk ble han bedre men ikke frisk. Villingur ble avlivet p\u00e5 grunn av dette sommeren 2011.<\/p>\n","protected":false},"excerpt":{"rendered":"<p>Villingur er et lokallag i<a href=\"http:\/\/www.islandshest.no\/\"> Norsk Islandshestforening<\/a><a href=\"http:\/\/www.islandshest.no\/\">  <\/a>Geografisk dekker det Ryfylke i Rogaland med hovedaktiviteten i <a href=\"http:\/\/www.forsand.kommune.no\/artikkel.aspx?AId=1&amp;MId1=7\">Forsand kommune<\/a>. Kommunen har flott natur med Lysefjorden som midtpunkt og fjell rundt om p\u00e5 alle kanter. Klubben er oppkalt etter hesten Villingur. Villingur ble b\u00e5de Norgesmester og Nordisk mester i T2 i 1996<\/p>\n","protected":false},"author":1,"featured_media":6492,"parent":0,"menu_order":0,"comment_status":"closed","ping_status":"open","template":"","meta":{"jetpack_post_was_ever_published":false,"footnotes":""},"class_list":["post-2","page","type-page","status-publish","has-post-thumbnail","hentry"],"jetpack_sharing_enabled":true,"jetpack_shortlink":"https:\/\/wp.me\/P803s6-2","jetpack_likes_enabled":true,"_links":{"self":[{"href":"http:\/\/www.villingur.com\/index.php?rest_route=\/wp\/v2\/pages\/2","targetHints":{"allow":["GET"]}}],"collection":[{"href":"http:\/\/www.villingur.com\/index.php?rest_route=\/wp\/v2\/pages"}],"about":[{"href":"http:\/\/www.villingur.com\/index.php?rest_route=\/wp\/v2\/types\/page"}],"author":[{"embeddable":true,"href":"http:\/\/www.villingur.com\/index.php?rest_route=\/wp\/v2\/users\/1"}],"replies":[{"embeddable":true,"href":"http:\/\/www.villingur.com\/index.php?rest_route=%2Fwp%2Fv2%2Fcomments&post=2"}],"version-history":[{"count":26,"href":"http:\/\/www.villingur.com\/index.php?rest_route=\/wp\/v2\/pages\/2\/revisions"}],"predecessor-version":[{"id":5701,"href":"http:\/\/www.villingur.com\/index.php?rest_route=\/wp\/v2\/pages\/2\/revisions\/5701"}],"wp:featuredmedia":[{"embeddable":true,"href":"http:\/\/www.villingur.com\/index.php?rest_route=\/wp\/v2\/media\/6492"}],"wp:attachment":[{"href":"http:\/\/www.villingur.com\/index.php?rest_route=%2Fwp%2Fv2%2Fmedia&parent=2"}],"curies":[{"name":"wp","href":"https:\/\/api.w.org\/{rel}","templated":true}]}}