{"id":2110,"date":"2013-02-21T23:40:25","date_gmt":"2013-02-21T22:40:25","guid":{"rendered":"http:\/\/www.villingur.com\/?page_id=2110"},"modified":"2015-05-04T16:03:47","modified_gmt":"2015-05-04T14:03:47","slug":"villingurstevnet-2013","status":"publish","type":"page","link":"http:\/\/www.villingur.com\/?page_id=2110","title":{"rendered":"Villingurstevnet 2015"},"content":{"rendered":"<p>Villingur Islandshestforening inviterer igjen til <b>Villingurstevnet<\/b>, som f\u00f8rste gang ble arrangert i 2011.<br \/>\n<b>Villingurstevnet <\/b>ble en suksess, ikke minst fordi det var s\u00e5 god oppslutning sammen med et str\u00e5lende v\u00e6r.<br \/>\nI 2015 blir det stevne igjen, et worldrangkingstevne, tellende for deltakelse i NM og VM.<br \/>\nP\u00e5melding via <a href=\"http:\/\/www.sporti.dk\/event\/activity.php?id=2998\">Sporti<\/a><br \/>\n<strong>Villingurstevnet<\/strong> arrangeres ogs\u00e5 denne gang p\u00e5 Fossanmoen Islandshestsenter. Sentret ligger sentralt p\u00e5 Forsand og har alle fasilliteter som et stevne trenger;<br \/>\ngode baneforhold<br \/>\noppstallingsmuligheter<br \/>\nkaf\u00e9<br \/>\nrideutstyrsbutikk<\/p>\n<p><a href=\"http:\/\/www.villingur.com\/wp-content\/uploads\/DSC_0077.jpg\"><img loading=\"lazy\" decoding=\"async\" src=\"http:\/\/www.villingur.com\/wp-content\/uploads\/DSC_0077-267x300.jpg\" alt=\"DSC_0077\" width=\"267\" height=\"300\" class=\"alignright size-medium wp-image-2115\" srcset=\"http:\/\/www.villingur.com\/wp-content\/uploads\/DSC_0077-267x300.jpg 267w, http:\/\/www.villingur.com\/wp-content\/uploads\/DSC_0077.jpg 500w\" sizes=\"auto, (max-width: 267px) 100vw, 267px\" \/><\/a> <\/p>\n<p>Styret har nedsatt en komit\u00e9 for Villingurstevnet, som best\u00e5r av syv medlemmer:<br \/>\nBjarne Fossan<br \/>\nPerly Fossan<br \/>\nTorstein Fossan<br \/>\nOlav Foss\u00e5<br \/>\nIngeborg Steinnes Ivesdal<br \/>\nTine Askvik Lossius<br \/>\nJofrid \u00c5sland<\/p>\n<p>Under finner du link til sidene:<br \/>\n<a href=\"http:\/\/www.villingur.com\/?cat=323\">Nyheter<\/a><br \/>\n<a href=\"http:\/\/www.villingur.com\/?page_id=4302\">Kontaktpersoner<\/a><br \/>\n<a href=\"http:\/\/www.villingur.com\/?page_id=4183\">Oppstalling<\/a><br \/>\n<a href=\"http:\/\/www.villingur.com\/?page_id=4310\">Overnatting<\/a><\/p>\n","protected":false},"excerpt":{"rendered":"<p>Villingur Islandshestforening inviterer igjen til Villingurstevnet, som f\u00f8rste gang ble arrangert i 2011. Villingurstevnet ble en suksess, ikke minst fordi det var s\u00e5 god oppslutning sammen med et str\u00e5lende v\u00e6r. I 2015 blir det stevne igjen, et worldrangkingstevne, tellende for deltakelse i NM og VM. P\u00e5melding via Sporti Villingurstevnet arrangeres ogs\u00e5 denne gang p\u00e5 Fossanmoen &hellip; <\/p>\n<p class=\"link-more\"><a href=\"http:\/\/www.villingur.com\/?page_id=2110\" class=\"more-link\">Fortsett \u00e5 lese<span class=\"screen-reader-text\"> \u00abVillingurstevnet 2015\u00bb<\/span><\/a><\/p>\n","protected":false},"author":1,"featured_media":4283,"parent":0,"menu_order":0,"comment_status":"closed","ping_status":"closed","template":"","meta":{"jetpack_post_was_ever_published":false,"footnotes":""},"class_list":["post-2110","page","type-page","status-publish","has-post-thumbnail","hentry"],"jetpack_sharing_enabled":true,"jetpack_shortlink":"https:\/\/wp.me\/P803s6-y2","jetpack_likes_enabled":true,"_links":{"self":[{"href":"http:\/\/www.villingur.com\/index.php?rest_route=\/wp\/v2\/pages\/2110","targetHints":{"allow":["GET"]}}],"collection":[{"href":"http:\/\/www.villingur.com\/index.php?rest_route=\/wp\/v2\/pages"}],"about":[{"href":"http:\/\/www.villingur.com\/index.php?rest_route=\/wp\/v2\/types\/page"}],"author":[{"embeddable":true,"href":"http:\/\/www.villingur.com\/index.php?rest_route=\/wp\/v2\/users\/1"}],"replies":[{"embeddable":true,"href":"http:\/\/www.villingur.com\/index.php?rest_route=%2Fwp%2Fv2%2Fcomments&post=2110"}],"version-history":[{"count":16,"href":"http:\/\/www.villingur.com\/index.php?rest_route=\/wp\/v2\/pages\/2110\/revisions"}],"predecessor-version":[{"id":4581,"href":"http:\/\/www.villingur.com\/index.php?rest_route=\/wp\/v2\/pages\/2110\/revisions\/4581"}],"wp:featuredmedia":[{"embeddable":true,"href":"http:\/\/www.villingur.com\/index.php?rest_route=\/wp\/v2\/media\/4283"}],"wp:attachment":[{"href":"http:\/\/www.villingur.com\/index.php?rest_route=%2Fwp%2Fv2%2Fmedia&parent=2110"}],"curies":[{"name":"wp","href":"https:\/\/api.w.org\/{rel}","templated":true}]}}