{"id":3657,"date":"2014-05-14T21:10:38","date_gmt":"2014-05-14T19:10:38","guid":{"rendered":"http:\/\/www.villingur.com\/?page_id=3657"},"modified":"2014-06-06T16:00:43","modified_gmt":"2014-06-06T14:00:43","slug":"pameldingskjema","status":"publish","type":"page","link":"http:\/\/www.villingur.com\/?page_id=3657","title":{"rendered":"P\u00e5meldingskjema"},"content":{"rendered":"<p>Det er p\u00e5melding til begge arrangementene, gratis for medlemmer. Hvis du ikke er medlem er p\u00e5meldingsgebyr kr 100,- for kostymeritt og det samme for gymkhana<br \/>\n<strong>P\u00e5meldingsfrist er fredag 6.juni<\/strong><br \/>\n[form form-5]<\/p>\n","protected":false},"excerpt":{"rendered":"<p>Det er p\u00e5melding til begge arrangementene, gratis for medlemmer. Hvis du ikke er medlem er p\u00e5meldingsgebyr kr 100,- for kostymeritt og det samme for gymkhana P\u00e5meldingsfrist er fredag 6.juni [form form-5]<\/p>\n","protected":false},"author":1,"featured_media":0,"parent":0,"menu_order":0,"comment_status":"closed","ping_status":"closed","template":"","meta":{"jetpack_post_was_ever_published":false,"footnotes":""},"class_list":["post-3657","page","type-page","status-publish","hentry"],"jetpack_sharing_enabled":true,"jetpack_shortlink":"https:\/\/wp.me\/P803s6-WZ","jetpack_likes_enabled":true,"_links":{"self":[{"href":"http:\/\/www.villingur.com\/index.php?rest_route=\/wp\/v2\/pages\/3657","targetHints":{"allow":["GET"]}}],"collection":[{"href":"http:\/\/www.villingur.com\/index.php?rest_route=\/wp\/v2\/pages"}],"about":[{"href":"http:\/\/www.villingur.com\/index.php?rest_route=\/wp\/v2\/types\/page"}],"author":[{"embeddable":true,"href":"http:\/\/www.villingur.com\/index.php?rest_route=\/wp\/v2\/users\/1"}],"replies":[{"embeddable":true,"href":"http:\/\/www.villingur.com\/index.php?rest_route=%2Fwp%2Fv2%2Fcomments&post=3657"}],"version-history":[{"count":5,"href":"http:\/\/www.villingur.com\/index.php?rest_route=\/wp\/v2\/pages\/3657\/revisions"}],"predecessor-version":[{"id":3743,"href":"http:\/\/www.villingur.com\/index.php?rest_route=\/wp\/v2\/pages\/3657\/revisions\/3743"}],"wp:attachment":[{"href":"http:\/\/www.villingur.com\/index.php?rest_route=%2Fwp%2Fv2%2Fmedia&parent=3657"}],"curies":[{"name":"wp","href":"https:\/\/api.w.org\/{rel}","templated":true}]}}