{"id":4183,"date":"2015-01-07T18:34:45","date_gmt":"2015-01-07T17:34:45","guid":{"rendered":"http:\/\/www.villingur.com\/?page_id=4183"},"modified":"2015-02-05T09:36:19","modified_gmt":"2015-02-05T08:36:19","slug":"oppstalling","status":"publish","type":"page","link":"http:\/\/www.villingur.com\/?page_id=4183","title":{"rendered":"Oppstalling"},"content":{"rendered":"<p><a href=\"http:\/\/www.villingur.com\/wp-content\/uploads\/villingurstevnet2015_fossanmoen1.jpg\"><img loading=\"lazy\" decoding=\"async\" src=\"http:\/\/www.villingur.com\/wp-content\/uploads\/villingurstevnet2015_fossanmoen1.jpg\" alt=\"villingurstevnet2015_fossanmoen\" width=\"1000\" height=\"288\" class=\"alignnone size-full wp-image-4289\" srcset=\"http:\/\/www.villingur.com\/wp-content\/uploads\/villingurstevnet2015_fossanmoen1.jpg 1000w, http:\/\/www.villingur.com\/wp-content\/uploads\/villingurstevnet2015_fossanmoen1-300x86.jpg 300w, http:\/\/www.villingur.com\/wp-content\/uploads\/villingurstevnet2015_fossanmoen1-500x144.jpg 500w\" sizes=\"auto, (max-width: 767px) 89vw, (max-width: 1000px) 54vw, (max-width: 1071px) 543px, 580px\" \/><\/a><br \/>\nSom ved Villingurstevnet i 2011, blir stevnet i \u00e5r ogs\u00e5 arrangert p\u00e5 <a href=\"http:\/\/fossanmoen.no\" target=\"_blank\">Fossanmoen Islandshestsenter<\/a>.  Sentret har ogs\u00e5 stallplasser, som er mulig \u00e5 leie under stevnet.<br \/>\nVed tidlig p\u00e5melding til stevnet, vil du prioriteres med stallplass p\u00e5 stevneplassen.<\/p>\n<p>For mer informasjon om Fossanmoen, bes\u00f8k deres hjemmeside <a href=\"http:\/\/fossanmoen.no\" target=\"_blank\">fossanmoen.no<\/a><br \/>\n<strong>Kontaktperson<\/strong> ved sentret:<br \/>\nTorstein Fossan<br \/>\nEpost <a href=\"mailto:fossanmoen@fossanmoen.no\">fossanmoen@fossanmoen.no<\/a><br \/>\nMobil 909 86 637<\/p>\n","protected":false},"excerpt":{"rendered":"<p>Som ved Villingurstevnet i 2011, blir stevnet i \u00e5r ogs\u00e5 arrangert p\u00e5 Fossanmoen Islandshestsenter. Sentret har ogs\u00e5 stallplasser, som er mulig \u00e5 leie under stevnet. Ved tidlig p\u00e5melding til stevnet, vil du prioriteres med stallplass p\u00e5 stevneplassen. For mer informasjon om Fossanmoen, bes\u00f8k deres hjemmeside fossanmoen.no Kontaktperson ved sentret: Torstein Fossan Epost fossanmoen@fossanmoen.no Mobil 909 &hellip; <\/p>\n<p class=\"link-more\"><a href=\"http:\/\/www.villingur.com\/?page_id=4183\" class=\"more-link\">Fortsett \u00e5 lese<span class=\"screen-reader-text\"> \u00abOppstalling\u00bb<\/span><\/a><\/p>\n","protected":false},"author":1,"featured_media":4283,"parent":2110,"menu_order":0,"comment_status":"closed","ping_status":"closed","template":"","meta":{"jetpack_post_was_ever_published":false,"footnotes":""},"class_list":["post-4183","page","type-page","status-publish","has-post-thumbnail","hentry"],"jetpack_sharing_enabled":true,"jetpack_shortlink":"https:\/\/wp.me\/P803s6-15t","jetpack_likes_enabled":true,"_links":{"self":[{"href":"http:\/\/www.villingur.com\/index.php?rest_route=\/wp\/v2\/pages\/4183","targetHints":{"allow":["GET"]}}],"collection":[{"href":"http:\/\/www.villingur.com\/index.php?rest_route=\/wp\/v2\/pages"}],"about":[{"href":"http:\/\/www.villingur.com\/index.php?rest_route=\/wp\/v2\/types\/page"}],"author":[{"embeddable":true,"href":"http:\/\/www.villingur.com\/index.php?rest_route=\/wp\/v2\/users\/1"}],"replies":[{"embeddable":true,"href":"http:\/\/www.villingur.com\/index.php?rest_route=%2Fwp%2Fv2%2Fcomments&post=4183"}],"version-history":[{"count":7,"href":"http:\/\/www.villingur.com\/index.php?rest_route=\/wp\/v2\/pages\/4183\/revisions"}],"predecessor-version":[{"id":4318,"href":"http:\/\/www.villingur.com\/index.php?rest_route=\/wp\/v2\/pages\/4183\/revisions\/4318"}],"up":[{"embeddable":true,"href":"http:\/\/www.villingur.com\/index.php?rest_route=\/wp\/v2\/pages\/2110"}],"wp:featuredmedia":[{"embeddable":true,"href":"http:\/\/www.villingur.com\/index.php?rest_route=\/wp\/v2\/media\/4283"}],"wp:attachment":[{"href":"http:\/\/www.villingur.com\/index.php?rest_route=%2Fwp%2Fv2%2Fmedia&parent=4183"}],"curies":[{"name":"wp","href":"https:\/\/api.w.org\/{rel}","templated":true}]}}