{"id":5077,"date":"2016-03-01T13:36:00","date_gmt":"2016-03-01T12:36:00","guid":{"rendered":"http:\/\/www.villingur.com\/?page_id=5077"},"modified":"2016-03-01T13:36:00","modified_gmt":"2016-03-01T12:36:00","slug":"oppstalling","status":"publish","type":"page","link":"http:\/\/www.villingur.com\/?page_id=5077","title":{"rendered":"Oppstalling"},"content":{"rendered":"<p><a href=\"http:\/\/www.villingur.com\/wp-content\/uploads\/villingurstevnet2015_fossanmoen1.jpg\"><img loading=\"lazy\" decoding=\"async\" src=\"http:\/\/www.villingur.com\/wp-content\/uploads\/villingurstevnet2015_fossanmoen1.jpg\" alt=\"villingurstevnet2015_fossanmoen\" width=\"1000\" height=\"288\" class=\"alignnone size-full wp-image-4289\" srcset=\"http:\/\/www.villingur.com\/wp-content\/uploads\/villingurstevnet2015_fossanmoen1.jpg 1000w, http:\/\/www.villingur.com\/wp-content\/uploads\/villingurstevnet2015_fossanmoen1-300x86.jpg 300w, http:\/\/www.villingur.com\/wp-content\/uploads\/villingurstevnet2015_fossanmoen1-500x144.jpg 500w\" sizes=\"auto, (max-width: 767px) 89vw, (max-width: 1000px) 54vw, (max-width: 1071px) 543px, 580px\" \/><\/a><br \/>\nStevnet arrangeres ogs\u00e5 i \u00e5r p\u00e5 <a href=\"http:\/\/fossanmoen.no\" target=\"_blank\">Fossanmoen Islandshestsenter<\/a>.  Det er mulig \u00e5 leie stallplass p\u00e5 Fossanmoen.<br \/>\nVed tidlig p\u00e5melding til stevnet, vil du prioriteres med stallplass p\u00e5 stevneplassen.<br \/>\nVi gj\u00f8r oppmerksom p\u00e5 at det ogs\u00e5 er gitt tillatelse fra NIHF , om \u00e5 kunne benytte nabostallene i tillegg til Fossanmoen.<\/p>\n<p>For mer informasjon om Fossanmoen, bes\u00f8k deres hjemmeside <a href=\"http:\/\/fossanmoen.no\" target=\"_blank\">fossanmoen.no<\/a><br \/>\n<strong>Kontaktperson<\/strong> ved sentret:<br \/>\nTorstein Fossan<br \/>\nEpost <a href=\"mailto:fossanmoen@fossanmoen.no\">fossanmoen@fossanmoen.no<\/a><br \/>\nMobil 909 86 637<\/p>\n","protected":false},"excerpt":{"rendered":"<p>Stevnet arrangeres ogs\u00e5 i \u00e5r p\u00e5 Fossanmoen Islandshestsenter. Det er mulig \u00e5 leie stallplass p\u00e5 Fossanmoen. Ved tidlig p\u00e5melding til stevnet, vil du prioriteres med stallplass p\u00e5 stevneplassen. Vi gj\u00f8r oppmerksom p\u00e5 at det ogs\u00e5 er gitt tillatelse fra NIHF , om \u00e5 kunne benytte nabostallene i tillegg til Fossanmoen. For mer informasjon om Fossanmoen, &hellip; <\/p>\n<p class=\"link-more\"><a href=\"http:\/\/www.villingur.com\/?page_id=5077\" class=\"more-link\">Fortsett \u00e5 lese<span class=\"screen-reader-text\"> \u00abOppstalling\u00bb<\/span><\/a><\/p>\n","protected":false},"author":1,"featured_media":4870,"parent":0,"menu_order":0,"comment_status":"closed","ping_status":"closed","template":"","meta":{"jetpack_post_was_ever_published":false,"footnotes":""},"class_list":["post-5077","page","type-page","status-publish","has-post-thumbnail","hentry"],"jetpack_sharing_enabled":true,"jetpack_shortlink":"https:\/\/wp.me\/P803s6-1jT","jetpack_likes_enabled":true,"_links":{"self":[{"href":"http:\/\/www.villingur.com\/index.php?rest_route=\/wp\/v2\/pages\/5077","targetHints":{"allow":["GET"]}}],"collection":[{"href":"http:\/\/www.villingur.com\/index.php?rest_route=\/wp\/v2\/pages"}],"about":[{"href":"http:\/\/www.villingur.com\/index.php?rest_route=\/wp\/v2\/types\/page"}],"author":[{"embeddable":true,"href":"http:\/\/www.villingur.com\/index.php?rest_route=\/wp\/v2\/users\/1"}],"replies":[{"embeddable":true,"href":"http:\/\/www.villingur.com\/index.php?rest_route=%2Fwp%2Fv2%2Fcomments&post=5077"}],"version-history":[{"count":1,"href":"http:\/\/www.villingur.com\/index.php?rest_route=\/wp\/v2\/pages\/5077\/revisions"}],"predecessor-version":[{"id":5078,"href":"http:\/\/www.villingur.com\/index.php?rest_route=\/wp\/v2\/pages\/5077\/revisions\/5078"}],"wp:featuredmedia":[{"embeddable":true,"href":"http:\/\/www.villingur.com\/index.php?rest_route=\/wp\/v2\/media\/4870"}],"wp:attachment":[{"href":"http:\/\/www.villingur.com\/index.php?rest_route=%2Fwp%2Fv2%2Fmedia&parent=5077"}],"curies":[{"name":"wp","href":"https:\/\/api.w.org\/{rel}","templated":true}]}}