{"id":8630,"date":"2020-02-25T13:46:51","date_gmt":"2020-02-25T12:46:51","guid":{"rendered":"http:\/\/www.villingur.com\/?page_id=8630"},"modified":"2024-03-20T10:35:04","modified_gmt":"2024-03-20T09:35:04","slug":"velkommen-til-villingur","status":"publish","type":"page","link":"https:\/\/www.villingur.com\/","title":{"rendered":"Velkommen til Villingur"},"content":{"rendered":"\n<p>Villingur er et lokallag i Norsk Islandshestforening.  Klubben ble stiftet i 1977, den gang kalt Forsand Fjellhestforening.<br>Geografisk dekker det Ryfylke i Rogaland med hovedaktiviteten p\u00e5 Forsand i Sandnes kommune. Vi har medlemmer fra store deler av Ryfylke og Nord-J\u00e6ren.<\/p>\n\n\n\n<p>Det har v\u00e6rt en h\u00f8y aktivitet i Villingur Islandshestforening, som igjen har f\u00f8rt til at  antall medlemmer har doblet seg p\u00e5 ti \u00e5r.  Vi har idag rundt 60 medlemmer.  <br>Noen av klubbens medlemmer har ogs\u00e5 flyttet til Forsand for \u00e5 bo her p\u00e5 grunn av det store, gode islandshestmilj\u00f8et i denne bygda. <\/p>\n\n\n\n<p><\/p>\n","protected":false},"excerpt":{"rendered":"<p>Villingur er et lokallag i Norsk Islandshestforening. Klubben ble stiftet i 1977, den gang kalt Forsand Fjellhestforening.Geografisk dekker det Ryfylke i Rogaland med hovedaktiviteten p\u00e5 Forsand i Sandnes kommune. Vi har medlemmer fra store deler av Ryfylke og Nord-J\u00e6ren. Det har v\u00e6rt en h\u00f8y aktivitet i Villingur Islandshestforening, som igjen har f\u00f8rt til at antall &hellip; <\/p>\n<p class=\"link-more\"><a href=\"https:\/\/www.villingur.com\/\" class=\"more-link\">Fortsett \u00e5 lese<span class=\"screen-reader-text\"> \u00abVelkommen til Villingur\u00bb<\/span><\/a><\/p>\n","protected":false},"author":1,"featured_media":0,"parent":0,"menu_order":0,"comment_status":"closed","ping_status":"closed","template":"","meta":{"jetpack_post_was_ever_published":false,"footnotes":""},"class_list":["post-8630","page","type-page","status-publish","hentry"],"jetpack_sharing_enabled":true,"jetpack_shortlink":"https:\/\/wp.me\/P803s6-2fc","jetpack_likes_enabled":true,"_links":{"self":[{"href":"https:\/\/www.villingur.com\/index.php?rest_route=\/wp\/v2\/pages\/8630","targetHints":{"allow":["GET"]}}],"collection":[{"href":"https:\/\/www.villingur.com\/index.php?rest_route=\/wp\/v2\/pages"}],"about":[{"href":"https:\/\/www.villingur.com\/index.php?rest_route=\/wp\/v2\/types\/page"}],"author":[{"embeddable":true,"href":"https:\/\/www.villingur.com\/index.php?rest_route=\/wp\/v2\/users\/1"}],"replies":[{"embeddable":true,"href":"https:\/\/www.villingur.com\/index.php?rest_route=%2Fwp%2Fv2%2Fcomments&post=8630"}],"version-history":[{"count":4,"href":"https:\/\/www.villingur.com\/index.php?rest_route=\/wp\/v2\/pages\/8630\/revisions"}],"predecessor-version":[{"id":9887,"href":"https:\/\/www.villingur.com\/index.php?rest_route=\/wp\/v2\/pages\/8630\/revisions\/9887"}],"wp:attachment":[{"href":"https:\/\/www.villingur.com\/index.php?rest_route=%2Fwp%2Fv2%2Fmedia&parent=8630"}],"curies":[{"name":"wp","href":"https:\/\/api.w.org\/{rel}","templated":true}]}}