{"id":9087,"date":"2022-02-08T19:21:40","date_gmt":"2022-02-08T18:21:40","guid":{"rendered":"http:\/\/www.villingur.com\/?page_id=9087"},"modified":"2026-01-29T20:30:48","modified_gmt":"2026-01-29T19:30:48","slug":"villingurstevnet","status":"publish","type":"page","link":"https:\/\/www.villingur.com\/?page_id=9087","title":{"rendered":"Villingurstevnet 2026"},"content":{"rendered":"<p>Villingur har arrangert Villingurstevnet flere \u00e5r.<br \/>F\u00f8rste gang var i 2011, dette var f\u00f8rste gang vi arrangerte WR stevne.<br \/>Deretter hadde klubben et lite opphold f\u00f8r det ble arrangert i 2015, 2016, 2017, 2018, 2019.<br \/>I 2020 ble stevnet arrangert uten WR status. 2021 var preget av Covid-19 og Villingurstevnet utgikk, men 2022 og 2024 var vi i gang igjen!\u00a0<\/p>\n<p>N\u00e5 i 2026 gleder vi oss til \u00e5 invitere til Villingurstevnet med avlsvisning i etterkant! Hold av 24-26 april. 8-10 mai blir det avlsvisning. Vi gleder oss til \u00e5 ta i mot dere p\u00e5 Fossanmoen Islandshestsenter sitt flotte anlegg!<\/p>\n\n\n<figure class=\"wp-block-image size-large\"><img loading=\"lazy\" decoding=\"async\" width=\"1024\" height=\"671\" src=\"https:\/\/www.villingur.com\/wp-content\/uploads\/Villingurstevnet-2026-1024x671.png\" alt=\"\" class=\"wp-image-10360\" srcset=\"https:\/\/www.villingur.com\/wp-content\/uploads\/Villingurstevnet-2026-1024x671.png 1024w, https:\/\/www.villingur.com\/wp-content\/uploads\/Villingurstevnet-2026-300x197.png 300w, https:\/\/www.villingur.com\/wp-content\/uploads\/Villingurstevnet-2026-768x503.png 768w, https:\/\/www.villingur.com\/wp-content\/uploads\/Villingurstevnet-2026-1536x1007.png 1536w, https:\/\/www.villingur.com\/wp-content\/uploads\/Villingurstevnet-2026.png 1852w\" sizes=\"auto, (max-width: 767px) 89vw, (max-width: 1000px) 54vw, (max-width: 1071px) 543px, 580px\" \/><\/figure>\n","protected":false},"excerpt":{"rendered":"<p>Villingur har arrangert Villingurstevnet flere \u00e5r.F\u00f8rste gang var i 2011, dette var f\u00f8rste gang vi arrangerte WR stevne.Deretter hadde klubben et lite opphold f\u00f8r det ble arrangert i 2015, 2016, 2017, 2018, 2019.I 2020 ble stevnet arrangert uten WR status. 2021 var preget av Covid-19 og Villingurstevnet utgikk, men 2022 og 2024 var vi i &hellip; <\/p>\n<p class=\"link-more\"><a href=\"https:\/\/www.villingur.com\/?page_id=9087\" class=\"more-link\">Fortsett \u00e5 lese<span class=\"screen-reader-text\"> \u00abVillingurstevnet 2026\u00bb<\/span><\/a><\/p>\n","protected":false},"author":3,"featured_media":0,"parent":0,"menu_order":0,"comment_status":"closed","ping_status":"closed","template":"","meta":{"jetpack_post_was_ever_published":false,"footnotes":""},"class_list":["post-9087","page","type-page","status-publish","hentry"],"jetpack_sharing_enabled":true,"jetpack_shortlink":"https:\/\/wp.me\/P803s6-2mz","jetpack_likes_enabled":true,"_links":{"self":[{"href":"https:\/\/www.villingur.com\/index.php?rest_route=\/wp\/v2\/pages\/9087","targetHints":{"allow":["GET"]}}],"collection":[{"href":"https:\/\/www.villingur.com\/index.php?rest_route=\/wp\/v2\/pages"}],"about":[{"href":"https:\/\/www.villingur.com\/index.php?rest_route=\/wp\/v2\/types\/page"}],"author":[{"embeddable":true,"href":"https:\/\/www.villingur.com\/index.php?rest_route=\/wp\/v2\/users\/3"}],"replies":[{"embeddable":true,"href":"https:\/\/www.villingur.com\/index.php?rest_route=%2Fwp%2Fv2%2Fcomments&post=9087"}],"version-history":[{"count":9,"href":"https:\/\/www.villingur.com\/index.php?rest_route=\/wp\/v2\/pages\/9087\/revisions"}],"predecessor-version":[{"id":10361,"href":"https:\/\/www.villingur.com\/index.php?rest_route=\/wp\/v2\/pages\/9087\/revisions\/10361"}],"wp:attachment":[{"href":"https:\/\/www.villingur.com\/index.php?rest_route=%2Fwp%2Fv2%2Fmedia&parent=9087"}],"curies":[{"name":"wp","href":"https:\/\/api.w.org\/{rel}","templated":true}]}}